{"id":63925,"date":"2024-02-12T11:03:20","date_gmt":"2024-02-12T09:03:20","guid":{"rendered":"https:\/\/revelationresorts.com\/?page_id=63925"},"modified":"2024-03-22T10:10:51","modified_gmt":"2024-03-22T10:10:51","slug":"cookie-policy","status":"publish","type":"page","link":"https:\/\/revelationresorts.com\/pt\/cookie-policy\/","title":{"rendered":"Pol\u00edtica de cookies"},"content":{"rendered":"<h3 class=\"wp-block-heading\">Pref\u00e1cio sobre as ferramentas de intera\u00e7\u00e3o digital da Revelation Resorts<\/h3><p>Para enriquecer a sua interface digital com o Revelation Resorts, um servi\u00e7o desenvolvido pela Oasis Revelation, este guia alargado apresenta uma explora\u00e7\u00e3o aprofundada das nossas estrat\u00e9gias de utiliza\u00e7\u00e3o e rastreio de cookies. Estes instrumentos digitais melhoram a sua intera\u00e7\u00e3o com os v\u00e1rios servi\u00e7os acess\u00edveis atrav\u00e9s do portal Web do Revelation Resorts.<\/p><h3 class=\"wp-block-heading\">Informa\u00e7\u00f5es detalhadas sobre cookies<\/h3><p>Os cookies, os fragmentos de dados por excel\u00eancia utilizados pelos s\u00edtios Web a n\u00edvel mundial, s\u00e3o pequenos mas significativos ficheiros de texto que um servidor Web deposita no seu dispositivo. S\u00e3o concebidos para reconhecer o seu dispositivo em visitas subsequentes, facilitando a utiliza\u00e7\u00e3o de servi\u00e7os simplificados e oferecendo uma experi\u00eancia de utilizador enriquecida e adaptada \u00e0s suas prefer\u00eancias.<\/p><h3 class=\"wp-block-heading\">Utiliza\u00e7\u00e3o abrangente de cookies na Revelation Resorts<\/h3><p>A Revelation Resorts utiliza cookies de forma estrat\u00e9gica para melhorar a sua experi\u00eancia digital. A nossa aplica\u00e7\u00e3o da tecnologia de cookies abrange um amplo espetro, concebido para:<\/p><ul class=\"wp-block-list\"><li>Ativar e manter as funcionalidades fundamentais do servi\u00e7o, garantindo que a nossa plataforma Web responde eficazmente \u00e0s suas intera\u00e7\u00f5es.<\/li>\n\n<li>Analisar as tend\u00eancias de intera\u00e7\u00e3o dos servi\u00e7os, recolhendo dados que nos ajudam a aperfei\u00e7oar as nossas ofertas e a antecipar as necessidades dos utilizadores.<\/li>\n\n<li>Reter as suas defini\u00e7\u00f5es e prefer\u00eancias ao longo das sess\u00f5es, personalizando assim a sua intera\u00e7\u00e3o com a nossa plataforma com base nas suas prefer\u00eancias hist\u00f3ricas.<\/li>\n\n<li>Implementar e monitorizar a efic\u00e1cia das nossas estrat\u00e9gias de marketing, o que nos permite fornecer-lhe conte\u00fados publicit\u00e1rios pertinentes e avaliar a sua relev\u00e2ncia.<\/li><\/ul><h3 class=\"wp-block-heading\">Envolvimento com parceiros de cookies terceiros<\/h3><p>Alargamos o nosso ecossistema digital atrav\u00e9s da sele\u00e7\u00e3o criteriosa de servi\u00e7os de cookies de terceiros para:<\/p><ul class=\"wp-block-list\"><li>Compilar estat\u00edsticas exaustivas de utiliza\u00e7\u00e3o do servi\u00e7o para uma an\u00e1lise granular do desempenho do servi\u00e7o e da participa\u00e7\u00e3o dos utilizadores.<\/li>\n\n<li>Permitir que os nossos parceiros publicit\u00e1rios lhe apresentem conte\u00fados publicit\u00e1rios personalizados em diversos terrenos digitais, adaptados aos seus interesses e intera\u00e7\u00f5es anteriores.<\/li>\n\n<li>Fornecer informa\u00e7\u00f5es sobre os padr\u00f5es de utiliza\u00e7\u00e3o dos servi\u00e7os, contribuindo assim para a evolu\u00e7\u00e3o cont\u00ednua da nossa experi\u00eancia de utilizador.<\/li><\/ul><h3 class=\"wp-block-heading\">Poder para gerir as suas defini\u00e7\u00f5es de cookies<\/h3><p>A Revelation Resorts defende a sua autonomia digital e a sua escolha pessoal. N\u00f3s fornecemos-lhe as capacidades para:<\/p><ul class=\"wp-block-list\"><li>Gerir, desativar ou restringir os cookies atrav\u00e9s das defini\u00e7\u00f5es intrincadas do seu browser, permitindo-lhe controlar a sua pegada digital.<\/li>\n\n<li>Reconhece que o ajuste das suas defini\u00e7\u00f5es de cookies pode influenciar a gama din\u00e2mica de carater\u00edsticas e aspectos personalizados dos nossos servi\u00e7os, limitando potencialmente a funcionalidade total.<\/li><\/ul><h3 class=\"wp-block-heading\">Apoio ao utilizador e consultas<\/h3><p>Para quest\u00f5es ou apoio relacionados com a nossa estrat\u00e9gia de utiliza\u00e7\u00e3o de cookies, a Revelation Resorts disponibiliza v\u00e1rios canais dedicados para comunica\u00e7\u00e3o direta. Convidamo-lo a contactar-nos atrav\u00e9s de:<\/p><ul class=\"wp-block-list\"><li><strong>Pedido de informa\u00e7\u00e3o por correio eletr\u00f3nico:<\/strong> <a href=\"mailto:info@revelationresorts.com\">info@revelationresorts.com<\/a> - Envie-nos uma mensagem de correio eletr\u00f3nico para obter uma resposta detalhada \u00e0s suas perguntas ou se precisar de ajuda para gerir as suas prefer\u00eancias de cookies.<\/li>\n\n<li><strong>Formul\u00e1rio de contacto online:<\/strong> <a href=\"https:\/\/revelationresorts.com\/pt\/contact\/\">https:\/\/revelationresorts.com\/contact<\/a> - Preencha o nosso formul\u00e1rio de contacto para quaisquer pedidos n\u00e3o urgentes e a nossa equipa responder\u00e1 prontamente com as informa\u00e7\u00f5es ou a ajuda de que necessita.<\/li><\/ul><h3 class=\"wp-block-heading\">Evolu\u00e7\u00e3o cont\u00ednua das pr\u00e1ticas de utiliza\u00e7\u00e3o de cookies<\/h3><p>O Revelation Resorts reconhece que o panorama digital est\u00e1 em constante evolu\u00e7\u00e3o. Por isso, a nossa Pol\u00edtica de Cookies \u00e9 um documento vivo adapt\u00e1vel \u00e0s tecnologias emergentes, \u00e0s mudan\u00e7as de comportamento dos utilizadores e aos desenvolvimentos legislativos. Estamos empenhados em cumprir as normas de privacidade actuais e em antecipar tend\u00eancias e requisitos futuros.<\/p><h3 class=\"wp-block-heading\">Experi\u00eancia do utilizador melhorada atrav\u00e9s de cookies<\/h3><p>No esp\u00edrito de oferecer uma experi\u00eancia web personalizada e centrada no utilizador, os nossos cookies servem v\u00e1rios objectivos operacionais:<\/p><ul class=\"wp-block-list\"><li>Melhorar a efici\u00eancia da navega\u00e7\u00e3o no s\u00edtio Web, permitindo um acesso r\u00e1pido e personalizado \u00e0s funcionalidades.<\/li>\n\n<li>Recordar as personaliza\u00e7\u00f5es da interface do utilizador, como o tema, o idioma e as prefer\u00eancias, permitindo uma experi\u00eancia consistente em todas as visitas.<\/li>\n\n<li>Otimizar o desempenho geral dos nossos servi\u00e7os, aprendendo como os utilizadores interagem com os v\u00e1rios componentes da nossa plataforma.<\/li>\n\n<li>Ajudar nas medidas de seguran\u00e7a do nosso s\u00edtio Web, ajudar a detetar e prevenir actividades fraudulentas e salvaguardar as contas dos utilizadores.<\/li><\/ul><h3 class=\"wp-block-heading\">Cookies na an\u00e1lise e investiga\u00e7\u00e3o do utilizador<\/h3><p>Os nossos cookies anal\u00edticos s\u00e3o ferramentas potentes para compreender o comportamento dos utilizadores. Ajudam-nos a:<\/p><ul class=\"wp-block-list\"><li>Realizar uma an\u00e1lise aprofundada dos dados para obter informa\u00e7\u00f5es sobre o desempenho do servi\u00e7o, os padr\u00f5es de participa\u00e7\u00e3o dos utilizadores e as potenciais \u00e1reas de melhoria.<\/li>\n\n<li>Permite-nos medir a efic\u00e1cia do nosso conte\u00fado e das nossas ofertas, orientando-nos para a apresenta\u00e7\u00e3o de conte\u00fados mais relevantes e \u00fateis para o utilizador.<\/li>\n\n<li>Informar-nos sobre o percurso do utilizador no nosso s\u00edtio ajuda a otimizar o caminho para a reserva e reduz qualquer atrito na experi\u00eancia do utilizador.<\/li><\/ul><h3 class=\"wp-block-heading\">Controlo do utilizador sobre os cookies<\/h3><p>Embora defendamos a utiliza\u00e7\u00e3o ben\u00e9fica dos cookies, acreditamos firmemente em dar-lhe controlo total sobre o seu consentimento digital. Os mecanismos de controlo abrangentes incluem:<\/p><ul class=\"wp-block-list\"><li>Op\u00e7\u00f5es detalhadas de gest\u00e3o de cookies no seu browser, onde pode especificar quais os cookies a aceitar, bloquear ou eliminar.<\/li>\n\n<li>Um m\u00e9todo claro e acess\u00edvel para retirar o consentimento para cookies n\u00e3o essenciais sem afetar as funcionalidades principais do nosso servi\u00e7o.<\/li>\n\n<li>Uma orienta\u00e7\u00e3o transparente sobre a forma como a altera\u00e7\u00e3o das defini\u00e7\u00f5es dos cookies pode afetar o seu acesso a determinados servi\u00e7os garante que toma decis\u00f5es informadas.<\/li><\/ul><h3 class=\"wp-block-heading\">Assist\u00eancia direta ao utilizador<\/h3><p>Se a natureza complexa dos cookies e da privacidade digital parecer assustadora, a nossa equipa de apoio ao utilizador est\u00e1 equipada para o fazer:<\/p><ul class=\"wp-block-list\"><li>Oferecer explica\u00e7\u00f5es claras e sem jarg\u00e3o sobre como e porqu\u00ea utilizamos os cookies.<\/li>\n\n<li>Fornecer assist\u00eancia passo a passo para gerir as prefer\u00eancias de cookies ou resolver problemas de privacidade.<\/li>\n\n<li>Colaborar com o utilizador para compreender a sua opini\u00e3o sobre a nossa Pol\u00edtica de Cookies, convidando-o a um di\u00e1logo cont\u00ednuo para melhorar as nossas pr\u00e1ticas.<\/li><\/ul><h3 class=\"wp-block-heading\">Compromisso de transpar\u00eancia da Revelation Resorts<\/h3><p>A confian\u00e7a que deposita na Revelation Resorts n\u00e3o \u00e9 tomada de \u00e2nimo leve. Esfor\u00e7amo-nos por manter um di\u00e1logo aberto e honesto relativamente \u00e0 nossa utiliza\u00e7\u00e3o de cookies e por assegurar que o utilizador est\u00e1 totalmente informado sobre o seu objetivo e direitos relacionados.<\/p><h3 class=\"wp-block-heading\">Adapta\u00e7\u00f5es regionais e conformidade<\/h3><p>Enquanto prestador de servi\u00e7os internacional, a Pol\u00edtica de Cookies da Revelation Resorts foi concebida para satisfazer os requisitos espec\u00edficos de v\u00e1rias regi\u00f5es. N\u00f3s:<\/p><ul class=\"wp-block-list\"><li>Adaptar a nossa estrat\u00e9gia de cookies \u00e0s leis de privacidade regionais, garantindo que os utilizadores em todas as jurisdi\u00e7\u00f5es recebem uma prote\u00e7\u00e3o de dados consistente.<\/li>\n\n<li>Adaptar os nossos mecanismos de comunica\u00e7\u00e3o e consentimento para cumprir os regulamentos locais em mat\u00e9ria de privacidade de dados, proporcionando aos utilizadores uma experi\u00eancia adaptada e conforme em todo o lado.<\/li><\/ul><h3 class=\"wp-block-heading\">Conclus\u00e3o e convite \u00e0 apresenta\u00e7\u00e3o de reac\u00e7\u00f5es<\/h3><p>Esta extensa Pol\u00edtica de Cookies foi concebida para lhe proporcionar uma compreens\u00e3o completa das nossas pr\u00e1ticas de rastreio de dados. A Revelation Resorts convida-o a interagir connosco, a fornecer feedback e a participar no cultivo de uma comunidade consciente da privacidade. Para obter as informa\u00e7\u00f5es mais recentes, altera\u00e7\u00f5es ou quaisquer esclarecimentos relacionados com a nossa utiliza\u00e7\u00e3o de cookies, recomendamos a revis\u00e3o regular da nossa pol\u00edtica publicada.<\/p><p>Contacte a nossa equipa dedicada de apoio ao cliente atrav\u00e9s de <a href=\"mailto:info@revelationresorts.com\">info@revelationresorts.com<\/a> se desejar discutir qualquer aspeto da nossa Pol\u00edtica de Cookies ou necessitar de mais informa\u00e7\u00f5es. A sua viagem com a Revelation Resorts \u00e9 muito importante e estamos aqui para garantir que \u00e9 t\u00e3o gratificante e segura quanto poss\u00edvel.<\/p>","protected":false},"excerpt":{"rendered":"<p>Foreword on Revelation Resorts\u2019 Digital Interaction Tools To enrich your digital interface with Revelation Resorts, a service powered by Oasis Revelation, this extended guide presents an in-depth exploration of our cookie usage and tracking strategies. These digital instruments enhance your interaction with the varied services accessible through the Revelation Resorts web portal. In-Depth Insights into [&hellip;]<\/p>","protected":false},"author":186,"featured_media":0,"parent":0,"menu_order":0,"comment_status":"closed","ping_status":"closed","template":"template-pages\/template-policy.php","meta":{"inline_featured_image":false,"footnotes":""},"class_list":["post-63925","page","type-page","status-publish","hentry"],"acf":[],"yoast_head":"<!-- This site is optimized with the Yoast SEO plugin v23.5 - https:\/\/yoast.com\/wordpress\/plugins\/seo\/ -->\n<title>Cookie Policy - Revelation Resorts<\/title>\n<meta name=\"robots\" content=\"index, follow, max-snippet:-1, max-image-preview:large, max-video-preview:-1\" \/>\n<link rel=\"canonical\" href=\"https:\/\/revelationresorts.com\/pt\/cookie-policy\/\" \/>\n<meta property=\"og:locale\" content=\"pt_PT\" \/>\n<meta property=\"og:type\" content=\"article\" \/>\n<meta property=\"og:title\" content=\"Cookie Policy - Revelation Resorts\" \/>\n<meta property=\"og:description\" content=\"Foreword on Revelation Resorts\u2019 Digital Interaction Tools To enrich your digital interface with Revelation Resorts, a service powered by Oasis Revelation, this extended guide presents an in-depth exploration of our cookie usage and tracking strategies. These digital instruments enhance your interaction with the varied services accessible through the Revelation Resorts web portal. In-Depth Insights into [&hellip;]\" \/>\n<meta property=\"og:url\" content=\"https:\/\/revelationresorts.com\/pt\/cookie-policy\/\" \/>\n<meta property=\"og:site_name\" content=\"Revelation Resorts\" \/>\n<meta property=\"article:modified_time\" content=\"2024-03-22T10:10:51+00:00\" \/>\n<meta name=\"twitter:card\" content=\"summary_large_image\" \/>\n<meta name=\"twitter:label1\" content=\"Tempo estimado de leitura\" \/>\n\t<meta name=\"twitter:data1\" content=\"5 minutos\" \/>\n<script type=\"application\/ld+json\" class=\"yoast-schema-graph\">{\"@context\":\"https:\/\/schema.org\",\"@graph\":[{\"@type\":\"WebPage\",\"@id\":\"https:\/\/revelationresorts.com\/cookie-policy\/\",\"url\":\"https:\/\/revelationresorts.com\/cookie-policy\/\",\"name\":\"Cookie Policy - Revelation Resorts\",\"isPartOf\":{\"@id\":\"https:\/\/revelationresorts.com\/#website\"},\"datePublished\":\"2024-02-12T09:03:20+00:00\",\"dateModified\":\"2024-03-22T10:10:51+00:00\",\"inLanguage\":\"pt-PT\",\"potentialAction\":[{\"@type\":\"ReadAction\",\"target\":[\"https:\/\/revelationresorts.com\/cookie-policy\/\"]}]},{\"@type\":\"WebSite\",\"@id\":\"https:\/\/revelationresorts.com\/#website\",\"url\":\"https:\/\/revelationresorts.com\/\",\"name\":\"Revelation Resorts\",\"description\":\"\",\"potentialAction\":[{\"@type\":\"SearchAction\",\"target\":{\"@type\":\"EntryPoint\",\"urlTemplate\":\"https:\/\/revelationresorts.com\/?s={search_term_string}\"},\"query-input\":{\"@type\":\"PropertyValueSpecification\",\"valueRequired\":true,\"valueName\":\"search_term_string\"}}],\"inLanguage\":\"pt-PT\"}]}<\/script>\n<!-- \/ Yoast SEO plugin. -->","yoast_head_json":{"title":"Cookie Policy - Revelation Resorts","robots":{"index":"index","follow":"follow","max-snippet":"max-snippet:-1","max-image-preview":"max-image-preview:large","max-video-preview":"max-video-preview:-1"},"canonical":"https:\/\/revelationresorts.com\/pt\/cookie-policy\/","og_locale":"pt_PT","og_type":"article","og_title":"Cookie Policy - Revelation Resorts","og_description":"Foreword on Revelation Resorts\u2019 Digital Interaction Tools To enrich your digital interface with Revelation Resorts, a service powered by Oasis Revelation, this extended guide presents an in-depth exploration of our cookie usage and tracking strategies. These digital instruments enhance your interaction with the varied services accessible through the Revelation Resorts web portal. In-Depth Insights into [&hellip;]","og_url":"https:\/\/revelationresorts.com\/pt\/cookie-policy\/","og_site_name":"Revelation Resorts","article_modified_time":"2024-03-22T10:10:51+00:00","twitter_card":"summary_large_image","twitter_misc":{"Tempo estimado de leitura":"5 minutos"},"schema":{"@context":"https:\/\/schema.org","@graph":[{"@type":"WebPage","@id":"https:\/\/revelationresorts.com\/cookie-policy\/","url":"https:\/\/revelationresorts.com\/cookie-policy\/","name":"Cookie Policy - Revelation Resorts","isPartOf":{"@id":"https:\/\/revelationresorts.com\/#website"},"datePublished":"2024-02-12T09:03:20+00:00","dateModified":"2024-03-22T10:10:51+00:00","inLanguage":"pt-PT","potentialAction":[{"@type":"ReadAction","target":["https:\/\/revelationresorts.com\/cookie-policy\/"]}]},{"@type":"WebSite","@id":"https:\/\/revelationresorts.com\/#website","url":"https:\/\/revelationresorts.com\/","name":"Revelation Resorts","description":"","potentialAction":[{"@type":"SearchAction","target":{"@type":"EntryPoint","urlTemplate":"https:\/\/revelationresorts.com\/?s={search_term_string}"},"query-input":{"@type":"PropertyValueSpecification","valueRequired":true,"valueName":"search_term_string"}}],"inLanguage":"pt-PT"}]}},"_links":{"self":[{"href":"https:\/\/revelationresorts.com\/pt\/wp-json\/wp\/v2\/pages\/63925","targetHints":{"allow":["GET"]}}],"collection":[{"href":"https:\/\/revelationresorts.com\/pt\/wp-json\/wp\/v2\/pages"}],"about":[{"href":"https:\/\/revelationresorts.com\/pt\/wp-json\/wp\/v2\/types\/page"}],"author":[{"embeddable":true,"href":"https:\/\/revelationresorts.com\/pt\/wp-json\/wp\/v2\/users\/186"}],"replies":[{"embeddable":true,"href":"https:\/\/revelationresorts.com\/pt\/wp-json\/wp\/v2\/comments?post=63925"}],"version-history":[{"count":0,"href":"https:\/\/revelationresorts.com\/pt\/wp-json\/wp\/v2\/pages\/63925\/revisions"}],"wp:attachment":[{"href":"https:\/\/revelationresorts.com\/pt\/wp-json\/wp\/v2\/media?parent=63925"}],"curies":[{"name":"wp","href":"https:\/\/api.w.org\/{rel}","templated":true}]}}