{"id":71,"date":"2024-03-18T12:31:34","date_gmt":"2024-03-18T12:31:34","guid":{"rendered":"https:\/\/revelationresorts.com\/?page_id=71"},"modified":"2024-03-18T12:31:37","modified_gmt":"2024-03-18T12:31:37","slug":"affiliate-disclaimer","status":"publish","type":"page","link":"https:\/\/revelationresorts.com\/pt\/affiliate-disclaimer\/","title":{"rendered":"Declara\u00e7\u00e3o de responsabilidade de afiliado"},"content":{"rendered":"<h3 class=\"wp-block-heading\">Declara\u00e7\u00e3o geral de exonera\u00e7\u00e3o de responsabilidade<\/h3><p>O conte\u00fado dispon\u00edvel no s\u00edtio Web da Revelation Resorts destina-se apenas a fins informativos. A Revelation Resorts n\u00e3o \u00e9 respons\u00e1vel por imprecis\u00f5es ou omiss\u00f5es no conte\u00fado do s\u00edtio Web.<\/p><p>Em nenhuma circunst\u00e2ncia a Revelation Resorts ser\u00e1 responsabilizada por quaisquer danos indirectos ou consequentes que resultem ou estejam relacionados com a sua utiliza\u00e7\u00e3o do s\u00edtio Web. Reservamo-nos o direito de modificar o conte\u00fado do s\u00edtio Web a qualquer momento sem notifica\u00e7\u00e3o.<\/p><p>A Revelation Resorts n\u00e3o pode garantir que o s\u00edtio Web esteja livre de software malicioso ou de outros elementos digitais potencialmente prejudiciais.<\/p><h3 class=\"wp-block-heading\">Divulga\u00e7\u00e3o da parceria<\/h3><p>Esta sec\u00e7\u00e3o articula os compromissos de colabora\u00e7\u00e3o que a Revelation Resorts tem com v\u00e1rias entidades externas e as suas ofertas.<\/p><p>V\u00e1rios links no nosso s\u00edtio Web s\u00e3o \"links de parceria\" que podem incluir identificadores de rastreio. Ao aceder a estas liga\u00e7\u00f5es, a Revelation Resorts pode receber uma comiss\u00e3o se o utilizador efetuar uma transa\u00e7\u00e3o.<\/p><p>O nosso compromisso com a autenticidade significa que sugerimos artigos ou servi\u00e7os com base no m\u00e9rito, e a nossa comiss\u00e3o n\u00e3o influencia o seu custo.<\/p><p>O seu patroc\u00ednio destas liga\u00e7\u00f5es \u00e9 uma forma valiosa de apoio \u00e0 Revelation Resorts, pelo que lhe estamos sinceramente gratos.<\/p><p>O nosso s\u00edtio Web participa em esfor\u00e7os de publicidade de afiliados selecionados, que incluem:<\/p><ul class=\"wp-block-list\"><li>Ganhar uma comiss\u00e3o como participante no programa Amazon Associates para compras qualificadas.<\/li>\n\n<li>Alojar liga\u00e7\u00f5es de afiliados que possam resultar em compensa\u00e7\u00f5es dos s\u00edtios dos nossos parceiros, que s\u00e3o propriet\u00e1rios dos servi\u00e7os ligados.<\/li><\/ul><p>Alguns dos programas de afiliados em que participamos incluem:<\/p><ul class=\"wp-block-list\"><li>Travelpayouts<\/li>\n\n<li>Obter o seu guia<\/li>\n\n<li>Viator<\/li>\n\n<li>Klook<\/li>\n\n<li>Ivisa<\/li>\n\n<li>DiscoverCars<\/li>\n\n<li>Caiaque<\/li><\/ul><h3 class=\"wp-block-heading\">Exonera\u00e7\u00e3o de responsabilidade por liga\u00e7\u00f5es externas<\/h3><p>O s\u00edtio Web da Revelation Resorts pode redirecionar para s\u00edtios Web de terceiros. Estes s\u00edtios s\u00e3o independentes e n\u00e3o s\u00e3o apoiados ou certificados pela Revelation Resorts. N\u00e3o podemos garantir a exatid\u00e3o ou a fiabilidade do seu conte\u00fado e aconselhamos que se tenha a devida dilig\u00eancia ao visit\u00e1-los.<\/p>","protected":false},"excerpt":{"rendered":"<p>Isen\u00e7\u00e3o de responsabilidade geral O conte\u00fado dispon\u00edvel no s\u00edtio Web da Revelation Resorts destina-se apenas a fins informativos. A Revelation Resorts n\u00e3o \u00e9 respons\u00e1vel por imprecis\u00f5es ou omiss\u00f5es no conte\u00fado do s\u00edtio Web. Em nenhuma circunst\u00e2ncia a Revelation Resorts ser\u00e1 responsabilizada por quaisquer danos indirectos ou consequentes que surjam ou estejam relacionados com a utiliza\u00e7\u00e3o do site [...]<\/p>","protected":false},"author":186,"featured_media":24651,"parent":0,"menu_order":0,"comment_status":"closed","ping_status":"closed","template":"template-pages\/template-policy.php","meta":{"inline_featured_image":false,"footnotes":""},"class_list":["post-71","page","type-page","status-publish","has-post-thumbnail","hentry"],"acf":[],"yoast_head":"<!-- This site is optimized with the Yoast SEO plugin v23.5 - https:\/\/yoast.com\/wordpress\/plugins\/seo\/ -->\n<title>Affiliate Disclaimer - Revelation Resorts<\/title>\n<meta name=\"robots\" content=\"index, follow, max-snippet:-1, max-image-preview:large, max-video-preview:-1\" \/>\n<link rel=\"canonical\" href=\"https:\/\/revelationresorts.com\/pt\/affiliate-disclaimer\/\" \/>\n<meta property=\"og:locale\" content=\"pt_PT\" \/>\n<meta property=\"og:type\" content=\"article\" \/>\n<meta property=\"og:title\" content=\"Affiliate Disclaimer - Revelation Resorts\" \/>\n<meta property=\"og:description\" content=\"General Disclaimer The content available on the Revelation Resorts website is intended for informational purposes only. Revelation Resorts is not responsible for inaccuracies or oversights in the website content. Under no circumstances shall Revelation Resorts be held liable for any indirect or consequential damages that arise from or are related to your use of the [&hellip;]\" \/>\n<meta property=\"og:url\" content=\"https:\/\/revelationresorts.com\/pt\/affiliate-disclaimer\/\" \/>\n<meta property=\"og:site_name\" content=\"Revelation Resorts\" \/>\n<meta property=\"article:modified_time\" content=\"2024-03-18T12:31:37+00:00\" \/>\n<meta property=\"og:image\" content=\"http:\/\/revelationresorts.com\/wp-content\/uploads\/2024\/01\/1024-\u00d7-516-1.png\" \/>\n\t<meta property=\"og:image:width\" content=\"1024\" \/>\n\t<meta property=\"og:image:height\" content=\"512\" \/>\n\t<meta property=\"og:image:type\" content=\"image\/png\" \/>\n<meta name=\"twitter:card\" content=\"summary_large_image\" \/>\n<meta name=\"twitter:image\" content=\"https:\/\/revelationresorts.com\/wp-content\/uploads\/2024\/01\/image-21.png\" \/>\n<meta name=\"twitter:label1\" content=\"Tempo estimado de leitura\" \/>\n\t<meta name=\"twitter:data1\" content=\"2 minutos\" \/>\n<script type=\"application\/ld+json\" class=\"yoast-schema-graph\">{\"@context\":\"https:\/\/schema.org\",\"@graph\":[{\"@type\":\"WebPage\",\"@id\":\"https:\/\/revelationresorts.com\/affiliate-disclaimer\/\",\"url\":\"https:\/\/revelationresorts.com\/affiliate-disclaimer\/\",\"name\":\"Affiliate Disclaimer - Revelation Resorts\",\"isPartOf\":{\"@id\":\"https:\/\/revelationresorts.com\/#website\"},\"primaryImageOfPage\":{\"@id\":\"https:\/\/revelationresorts.com\/affiliate-disclaimer\/#primaryimage\"},\"image\":{\"@id\":\"https:\/\/revelationresorts.com\/affiliate-disclaimer\/#primaryimage\"},\"thumbnailUrl\":\"https:\/\/revelationresorts.com\/wp-content\/uploads\/2024\/01\/Avatar-1.png\",\"datePublished\":\"2024-03-18T12:31:34+00:00\",\"dateModified\":\"2024-03-18T12:31:37+00:00\",\"inLanguage\":\"pt-PT\",\"potentialAction\":[{\"@type\":\"ReadAction\",\"target\":[\"https:\/\/revelationresorts.com\/affiliate-disclaimer\/\"]}]},{\"@type\":\"ImageObject\",\"inLanguage\":\"pt-PT\",\"@id\":\"https:\/\/revelationresorts.com\/affiliate-disclaimer\/#primaryimage\",\"url\":\"https:\/\/revelationresorts.com\/wp-content\/uploads\/2024\/01\/Avatar-1.png\",\"contentUrl\":\"https:\/\/revelationresorts.com\/wp-content\/uploads\/2024\/01\/Avatar-1.png\",\"width\":1000,\"height\":1000},{\"@type\":\"WebSite\",\"@id\":\"https:\/\/revelationresorts.com\/#website\",\"url\":\"https:\/\/revelationresorts.com\/\",\"name\":\"Revelation Resorts\",\"description\":\"\",\"potentialAction\":[{\"@type\":\"SearchAction\",\"target\":{\"@type\":\"EntryPoint\",\"urlTemplate\":\"https:\/\/revelationresorts.com\/?s={search_term_string}\"},\"query-input\":{\"@type\":\"PropertyValueSpecification\",\"valueRequired\":true,\"valueName\":\"search_term_string\"}}],\"inLanguage\":\"pt-PT\"}]}<\/script>\n<!-- \/ Yoast SEO plugin. -->","yoast_head_json":{"title":"Affiliate Disclaimer - Revelation Resorts","robots":{"index":"index","follow":"follow","max-snippet":"max-snippet:-1","max-image-preview":"max-image-preview:large","max-video-preview":"max-video-preview:-1"},"canonical":"https:\/\/revelationresorts.com\/pt\/affiliate-disclaimer\/","og_locale":"pt_PT","og_type":"article","og_title":"Affiliate Disclaimer - Revelation Resorts","og_description":"General Disclaimer The content available on the Revelation Resorts website is intended for informational purposes only. Revelation Resorts is not responsible for inaccuracies or oversights in the website content. Under no circumstances shall Revelation Resorts be held liable for any indirect or consequential damages that arise from or are related to your use of the [&hellip;]","og_url":"https:\/\/revelationresorts.com\/pt\/affiliate-disclaimer\/","og_site_name":"Revelation Resorts","article_modified_time":"2024-03-18T12:31:37+00:00","og_image":[{"width":1024,"height":512,"url":"http:\/\/revelationresorts.com\/wp-content\/uploads\/2024\/01\/1024-\u00d7-516-1.png","type":"image\/png"}],"twitter_card":"summary_large_image","twitter_image":"https:\/\/revelationresorts.com\/wp-content\/uploads\/2024\/01\/image-21.png","twitter_misc":{"Tempo estimado de leitura":"2 minutos"},"schema":{"@context":"https:\/\/schema.org","@graph":[{"@type":"WebPage","@id":"https:\/\/revelationresorts.com\/affiliate-disclaimer\/","url":"https:\/\/revelationresorts.com\/affiliate-disclaimer\/","name":"Affiliate Disclaimer - Revelation Resorts","isPartOf":{"@id":"https:\/\/revelationresorts.com\/#website"},"primaryImageOfPage":{"@id":"https:\/\/revelationresorts.com\/affiliate-disclaimer\/#primaryimage"},"image":{"@id":"https:\/\/revelationresorts.com\/affiliate-disclaimer\/#primaryimage"},"thumbnailUrl":"https:\/\/revelationresorts.com\/wp-content\/uploads\/2024\/01\/Avatar-1.png","datePublished":"2024-03-18T12:31:34+00:00","dateModified":"2024-03-18T12:31:37+00:00","inLanguage":"pt-PT","potentialAction":[{"@type":"ReadAction","target":["https:\/\/revelationresorts.com\/affiliate-disclaimer\/"]}]},{"@type":"ImageObject","inLanguage":"pt-PT","@id":"https:\/\/revelationresorts.com\/affiliate-disclaimer\/#primaryimage","url":"https:\/\/revelationresorts.com\/wp-content\/uploads\/2024\/01\/Avatar-1.png","contentUrl":"https:\/\/revelationresorts.com\/wp-content\/uploads\/2024\/01\/Avatar-1.png","width":1000,"height":1000},{"@type":"WebSite","@id":"https:\/\/revelationresorts.com\/#website","url":"https:\/\/revelationresorts.com\/","name":"Revelation Resorts","description":"","potentialAction":[{"@type":"SearchAction","target":{"@type":"EntryPoint","urlTemplate":"https:\/\/revelationresorts.com\/?s={search_term_string}"},"query-input":{"@type":"PropertyValueSpecification","valueRequired":true,"valueName":"search_term_string"}}],"inLanguage":"pt-PT"}]}},"_links":{"self":[{"href":"https:\/\/revelationresorts.com\/pt\/wp-json\/wp\/v2\/pages\/71","targetHints":{"allow":["GET"]}}],"collection":[{"href":"https:\/\/revelationresorts.com\/pt\/wp-json\/wp\/v2\/pages"}],"about":[{"href":"https:\/\/revelationresorts.com\/pt\/wp-json\/wp\/v2\/types\/page"}],"author":[{"embeddable":true,"href":"https:\/\/revelationresorts.com\/pt\/wp-json\/wp\/v2\/users\/186"}],"replies":[{"embeddable":true,"href":"https:\/\/revelationresorts.com\/pt\/wp-json\/wp\/v2\/comments?post=71"}],"version-history":[{"count":0,"href":"https:\/\/revelationresorts.com\/pt\/wp-json\/wp\/v2\/pages\/71\/revisions"}],"wp:featuredmedia":[{"embeddable":true,"href":"https:\/\/revelationresorts.com\/pt\/wp-json\/wp\/v2\/media\/24651"}],"wp:attachment":[{"href":"https:\/\/revelationresorts.com\/pt\/wp-json\/wp\/v2\/media?parent=71"}],"curies":[{"name":"wp","href":"https:\/\/api.w.org\/{rel}","templated":true}]}}